{"id":37,"date":"2020-02-02T12:59:19","date_gmt":"2020-02-02T12:59:19","guid":{"rendered":"http:\/\/equalbasics.nl\/?page_id=37"},"modified":"2022-06-11T08:17:44","modified_gmt":"2022-06-11T07:17:44","slug":"wat-biedt-equal-basics","status":"publish","type":"page","link":"https:\/\/equalbasics.nl\/?page_id=37","title":{"rendered":"Wat biedt Equal Basics?"},"content":{"rendered":"\n<p class=\"has-text-align-left\"><strong>Gedragsdeskundige binnen uw (zorg)organisatie<\/strong><br>Bent u op zoek naar een (interim) gedragsdeskundige met ervaring binnen de WMO, WLZ, Jeugdwet, forensische zorg en\/of gehandicaptenzorg? Ik ben beschikbaar voor kortdurende of langere opdrachten binnen bovengenoemde zorgdomeinen.<\/p>\n\n\n\n<p><strong>Trainingen<\/strong> (<strong>zorg)professionals<\/strong><br>Ik bied trainingen en deskundigheidsbevorderingen aan zorgprofessionals. Met deze trainingen bied ik extra handvatten om betere en snellere zorg op maat te kunnen leveren. De trainingen zijn gebaseerd op de EB-methodiek en aangepast aan de doelgroep waar u mee werkt. <\/p>\n\n\n\n<p><strong>Cursus voor cli\u00ebnten<\/strong><br>De trainingen gebaseerd op de EB-methodiek bieden niet alleen inzicht voor de hulpverlening, maar bieden tevens een steuntje in de rug van de cli\u00ebnt. Deze training speciaal aangepast voor de doelgroep biedt rust door in een korte tijd zelfacceptatie te cre\u00ebren. Een cli\u00ebnt leert op een begripvolle manier naar zichzelf en anderen te kijken. <\/p>\n\n\n\n<p><em>Vraag voor alle bovenstaande diensten vrijblijvend informatie op door een e-mail met uw wensen te sturen naar info@equalbasics.nl<\/em><\/p>\n\n\n\n<figure class=\"wp-block-image alignfull size-large\"><img loading=\"lazy\" width=\"1024\" height=\"400\" src=\"https:\/\/equalbasics.nl\/wp-content\/uploads\/2021\/03\/2-e1616520191583-1024x400.jpg\" alt=\"\" class=\"wp-image-196\" srcset=\"https:\/\/equalbasics.nl\/wp-content\/uploads\/2021\/03\/2-e1616520191583-1024x400.jpg 1024w, https:\/\/equalbasics.nl\/wp-content\/uploads\/2021\/03\/2-e1616520191583-300x117.jpg 300w, https:\/\/equalbasics.nl\/wp-content\/uploads\/2021\/03\/2-e1616520191583-768x300.jpg 768w, https:\/\/equalbasics.nl\/wp-content\/uploads\/2021\/03\/2-e1616520191583-1536x599.jpg 1536w, https:\/\/equalbasics.nl\/wp-content\/uploads\/2021\/03\/2-e1616520191583-2048x799.jpg 2048w\" sizes=\"(max-width: 1024px) 100vw, 1024px\" \/><figcaption>Illustraties door Annemieke Westerink<\/figcaption><\/figure>\n","protected":false},"excerpt":{"rendered":"<p>Gedragsdeskundige binnen uw (zorg)organisatieBent u op zoek naar een (interim) gedragsdeskundige met ervaring binnen de WMO, WLZ, Jeugdwet, forensische zorg&hellip;<\/p>\n","protected":false},"author":1,"featured_media":0,"parent":0,"menu_order":0,"comment_status":"open","ping_status":"closed","template":"","meta":[],"yoast_head":"<!-- This site is optimized with the Yoast SEO plugin v18.4.1 - https:\/\/yoast.com\/wordpress\/plugins\/seo\/ -->\n<title>Wat biedt Equal Basics? Advies, training &amp; Coaching - Equal Basics<\/title>\n<meta name=\"description\" content=\"Equal Basics biedt advies, trainingen en coaching gericht op zowel de zwerfjongeren als professionals met als doel kennis en vaardigheden te vergroten.\" \/>\n<meta name=\"robots\" content=\"index, follow, max-snippet:-1, max-image-preview:large, max-video-preview:-1\" \/>\n<link rel=\"canonical\" href=\"https:\/\/equalbasics.nl\/?page_id=37\" \/>\n<meta property=\"og:locale\" content=\"nl_NL\" \/>\n<meta property=\"og:type\" content=\"article\" \/>\n<meta property=\"og:title\" content=\"Wat biedt Equal Basics? Advies, training &amp; Coaching - Equal Basics\" \/>\n<meta property=\"og:description\" content=\"Equal Basics biedt advies, trainingen en coaching gericht op zowel de zwerfjongeren als professionals met als doel kennis en vaardigheden te vergroten.\" \/>\n<meta property=\"og:url\" content=\"https:\/\/equalbasics.nl\/?page_id=37\" \/>\n<meta property=\"og:site_name\" content=\"Equal Basics\" \/>\n<meta property=\"article:modified_time\" content=\"2022-06-11T07:17:44+00:00\" \/>\n<meta property=\"og:image\" content=\"https:\/\/equalbasics.nl\/wp-content\/uploads\/2021\/03\/2-e1616520191583-1024x400.jpg\" \/>\n<meta name=\"twitter:card\" content=\"summary_large_image\" \/>\n<meta name=\"twitter:label1\" content=\"Geschatte leestijd\" \/>\n\t<meta name=\"twitter:data1\" content=\"1 minuut\" \/>\n<script type=\"application\/ld+json\" class=\"yoast-schema-graph\">{\"@context\":\"https:\/\/schema.org\",\"@graph\":[{\"@type\":\"Organization\",\"@id\":\"https:\/\/equalbasics.nl\/#organization\",\"name\":\"Equal Basics\",\"url\":\"https:\/\/equalbasics.nl\/\",\"sameAs\":[\"https:\/\/www.linkedin.com\/in\/colinevannunspeet\/\"],\"logo\":{\"@type\":\"ImageObject\",\"@id\":\"https:\/\/equalbasics.nl\/#logo\",\"inLanguage\":\"nl\",\"url\":\"https:\/\/equalbasics.nl\/wp-content\/uploads\/2020\/02\/Watermerk-Equalbasics-e1607504590972.png\",\"contentUrl\":\"https:\/\/equalbasics.nl\/wp-content\/uploads\/2020\/02\/Watermerk-Equalbasics-e1607504590972.png\",\"width\":945,\"height\":452,\"caption\":\"Equal Basics\"},\"image\":{\"@id\":\"https:\/\/equalbasics.nl\/#logo\"}},{\"@type\":\"WebSite\",\"@id\":\"https:\/\/equalbasics.nl\/#website\",\"url\":\"https:\/\/equalbasics.nl\/\",\"name\":\"Equal Basics\",\"description\":\"Gedragsdeskundige binnen de jeugd- en volwassenenzorg\",\"publisher\":{\"@id\":\"https:\/\/equalbasics.nl\/#organization\"},\"potentialAction\":[{\"@type\":\"SearchAction\",\"target\":{\"@type\":\"EntryPoint\",\"urlTemplate\":\"https:\/\/equalbasics.nl\/?s={search_term_string}\"},\"query-input\":\"required name=search_term_string\"}],\"inLanguage\":\"nl\"},{\"@type\":\"ImageObject\",\"@id\":\"https:\/\/equalbasics.nl\/?page_id=37#primaryimage\",\"inLanguage\":\"nl\",\"url\":\"https:\/\/equalbasics.nl\/wp-content\/uploads\/2021\/03\/2-e1616520191583.jpg\",\"contentUrl\":\"https:\/\/equalbasics.nl\/wp-content\/uploads\/2021\/03\/2-e1616520191583.jpg\",\"width\":2099,\"height\":819},{\"@type\":\"WebPage\",\"@id\":\"https:\/\/equalbasics.nl\/?page_id=37#webpage\",\"url\":\"https:\/\/equalbasics.nl\/?page_id=37\",\"name\":\"Wat biedt Equal Basics? Advies, training & Coaching - Equal Basics\",\"isPartOf\":{\"@id\":\"https:\/\/equalbasics.nl\/#website\"},\"primaryImageOfPage\":{\"@id\":\"https:\/\/equalbasics.nl\/?page_id=37#primaryimage\"},\"datePublished\":\"2020-02-02T12:59:19+00:00\",\"dateModified\":\"2022-06-11T07:17:44+00:00\",\"description\":\"Equal Basics biedt advies, trainingen en coaching gericht op zowel de zwerfjongeren als professionals met als doel kennis en vaardigheden te vergroten.\",\"breadcrumb\":{\"@id\":\"https:\/\/equalbasics.nl\/?page_id=37#breadcrumb\"},\"inLanguage\":\"nl\",\"potentialAction\":[{\"@type\":\"ReadAction\",\"target\":[\"https:\/\/equalbasics.nl\/?page_id=37\"]}]},{\"@type\":\"BreadcrumbList\",\"@id\":\"https:\/\/equalbasics.nl\/?page_id=37#breadcrumb\",\"itemListElement\":[{\"@type\":\"ListItem\",\"position\":1,\"name\":\"equalbasics.nl\",\"item\":\"https:\/\/equalbasics.nl\/\"},{\"@type\":\"ListItem\",\"position\":2,\"name\":\"gedragsdeskundige | ZZP | WMO | WLZ | Jeugd | Forenisch\"}]}]}<\/script>\n<!-- \/ Yoast SEO plugin. -->","yoast_head_json":{"title":"Wat biedt Equal Basics? Advies, training & Coaching - Equal Basics","description":"Equal Basics biedt advies, trainingen en coaching gericht op zowel de zwerfjongeren als professionals met als doel kennis en vaardigheden te vergroten.","robots":{"index":"index","follow":"follow","max-snippet":"max-snippet:-1","max-image-preview":"max-image-preview:large","max-video-preview":"max-video-preview:-1"},"canonical":"https:\/\/equalbasics.nl\/?page_id=37","og_locale":"nl_NL","og_type":"article","og_title":"Wat biedt Equal Basics? Advies, training & Coaching - Equal Basics","og_description":"Equal Basics biedt advies, trainingen en coaching gericht op zowel de zwerfjongeren als professionals met als doel kennis en vaardigheden te vergroten.","og_url":"https:\/\/equalbasics.nl\/?page_id=37","og_site_name":"Equal Basics","article_modified_time":"2022-06-11T07:17:44+00:00","og_image":[{"url":"https:\/\/equalbasics.nl\/wp-content\/uploads\/2021\/03\/2-e1616520191583-1024x400.jpg"}],"twitter_card":"summary_large_image","twitter_misc":{"Geschatte leestijd":"1 minuut"},"schema":{"@context":"https:\/\/schema.org","@graph":[{"@type":"Organization","@id":"https:\/\/equalbasics.nl\/#organization","name":"Equal Basics","url":"https:\/\/equalbasics.nl\/","sameAs":["https:\/\/www.linkedin.com\/in\/colinevannunspeet\/"],"logo":{"@type":"ImageObject","@id":"https:\/\/equalbasics.nl\/#logo","inLanguage":"nl","url":"https:\/\/equalbasics.nl\/wp-content\/uploads\/2020\/02\/Watermerk-Equalbasics-e1607504590972.png","contentUrl":"https:\/\/equalbasics.nl\/wp-content\/uploads\/2020\/02\/Watermerk-Equalbasics-e1607504590972.png","width":945,"height":452,"caption":"Equal Basics"},"image":{"@id":"https:\/\/equalbasics.nl\/#logo"}},{"@type":"WebSite","@id":"https:\/\/equalbasics.nl\/#website","url":"https:\/\/equalbasics.nl\/","name":"Equal Basics","description":"Gedragsdeskundige binnen de jeugd- en volwassenenzorg","publisher":{"@id":"https:\/\/equalbasics.nl\/#organization"},"potentialAction":[{"@type":"SearchAction","target":{"@type":"EntryPoint","urlTemplate":"https:\/\/equalbasics.nl\/?s={search_term_string}"},"query-input":"required name=search_term_string"}],"inLanguage":"nl"},{"@type":"ImageObject","@id":"https:\/\/equalbasics.nl\/?page_id=37#primaryimage","inLanguage":"nl","url":"https:\/\/equalbasics.nl\/wp-content\/uploads\/2021\/03\/2-e1616520191583.jpg","contentUrl":"https:\/\/equalbasics.nl\/wp-content\/uploads\/2021\/03\/2-e1616520191583.jpg","width":2099,"height":819},{"@type":"WebPage","@id":"https:\/\/equalbasics.nl\/?page_id=37#webpage","url":"https:\/\/equalbasics.nl\/?page_id=37","name":"Wat biedt Equal Basics? Advies, training & Coaching - Equal Basics","isPartOf":{"@id":"https:\/\/equalbasics.nl\/#website"},"primaryImageOfPage":{"@id":"https:\/\/equalbasics.nl\/?page_id=37#primaryimage"},"datePublished":"2020-02-02T12:59:19+00:00","dateModified":"2022-06-11T07:17:44+00:00","description":"Equal Basics biedt advies, trainingen en coaching gericht op zowel de zwerfjongeren als professionals met als doel kennis en vaardigheden te vergroten.","breadcrumb":{"@id":"https:\/\/equalbasics.nl\/?page_id=37#breadcrumb"},"inLanguage":"nl","potentialAction":[{"@type":"ReadAction","target":["https:\/\/equalbasics.nl\/?page_id=37"]}]},{"@type":"BreadcrumbList","@id":"https:\/\/equalbasics.nl\/?page_id=37#breadcrumb","itemListElement":[{"@type":"ListItem","position":1,"name":"equalbasics.nl","item":"https:\/\/equalbasics.nl\/"},{"@type":"ListItem","position":2,"name":"gedragsdeskundige | ZZP | WMO | WLZ | Jeugd | Forenisch"}]}]}},"_links":{"self":[{"href":"https:\/\/equalbasics.nl\/index.php?rest_route=\/wp\/v2\/pages\/37"}],"collection":[{"href":"https:\/\/equalbasics.nl\/index.php?rest_route=\/wp\/v2\/pages"}],"about":[{"href":"https:\/\/equalbasics.nl\/index.php?rest_route=\/wp\/v2\/types\/page"}],"author":[{"embeddable":true,"href":"https:\/\/equalbasics.nl\/index.php?rest_route=\/wp\/v2\/users\/1"}],"replies":[{"embeddable":true,"href":"https:\/\/equalbasics.nl\/index.php?rest_route=%2Fwp%2Fv2%2Fcomments&post=37"}],"version-history":[{"count":17,"href":"https:\/\/equalbasics.nl\/index.php?rest_route=\/wp\/v2\/pages\/37\/revisions"}],"predecessor-version":[{"id":303,"href":"https:\/\/equalbasics.nl\/index.php?rest_route=\/wp\/v2\/pages\/37\/revisions\/303"}],"wp:attachment":[{"href":"https:\/\/equalbasics.nl\/index.php?rest_route=%2Fwp%2Fv2%2Fmedia&parent=37"}],"curies":[{"name":"wp","href":"https:\/\/api.w.org\/{rel}","templated":true}]}}